{"id":62,"date":"2024-03-05T15:19:07","date_gmt":"2024-03-05T15:19:07","guid":{"rendered":"http:\/\/cpvc.local\/?page_id=62"},"modified":"2026-03-10T14:23:18","modified_gmt":"2026-03-10T14:23:18","slug":"home","status":"publish","type":"page","link":"https:\/\/cpvc.justica.gov.pt\/en\/","title":{"rendered":"Home page"},"content":{"rendered":"<section class=\"wp-block-group home-intro-container is-layout-constrained wp-block-group-is-layout-constrained\">\n<div class=\"wp-block-group home-intro is-layout-flow wp-block-group-is-layout-flow\">\n<figure class=\"wp-block-image size-full\"><img loading=\"lazy\" decoding=\"async\" width=\"709\" height=\"466\" src=\"http:\/\/vitimas.babel.dev\/wp-content\/uploads\/2024\/03\/image-2024-03-27-10-20-53-486.png\" alt=\"M\u00e3os dadas\" class=\"wp-image-779\" srcset=\"https:\/\/cpvc.justica.gov.pt\/wp-content\/uploads\/2024\/03\/image-2024-03-27-10-20-53-486.png 709w, https:\/\/cpvc.justica.gov.pt\/wp-content\/uploads\/2024\/03\/image-2024-03-27-10-20-53-486-300x197.png 300w, https:\/\/cpvc.justica.gov.pt\/wp-content\/uploads\/2024\/03\/image-2024-03-27-10-20-53-486-18x12.png 18w\" sizes=\"auto, (max-width: 709px) 100vw, 709px\" \/><\/figure>\n\n\n\n<div class=\"wp-block-group home-intro__right wp-container-content-a5fc19f1 is-vertical is-nowrap is-layout-flex wp-container-core-group-is-layout-947ac36b wp-block-group-is-layout-flex\">\n<div class=\"wp-block-group home-intro__links-top wp-container-content-9cfa9a5a is-layout-flow wp-block-group-is-layout-flow\">\n<div class=\"wp-block-group is-vertical is-layout-flex wp-container-core-group-is-layout-8cf370e7 wp-block-group-is-layout-flex\">\n<p class=\"justificar-texto has-x-large-font-size\"><strong>Being a victim of crime always<br>has consequences.<\/strong><\/p>\n\n\n\n<p class=\"justificar-texto has-x-large-font-size\"><strong>Don\u2019t face them alone.<\/strong><\/p>\n<\/div>\n<\/div>\n\n\n\n<div class=\"wp-block-group home-intro__links-card is-vertical is-layout-flex wp-container-core-group-is-layout-8cf370e7 wp-block-group-is-layout-flex\">\n<p class=\"has-text-align-left justificar-texto\">The Commission for the Protection of Victims of Crime (CPVC) is an independent administrative body responsible, by itself or through its members, for granting advances of compensation from the State to victims of violent crimes and domestic violence, which operates under the Ministry of Justice.<\/p>\n\n\n\n<div class=\"wp-block-group home-intro__links is-layout-constrained wp-block-group-is-layout-constrained\"><style>.gspb_container-id-gsbp-c052d50{flex-direction:column;box-sizing:border-box;}#gspb_container-id-gsbp-c052d50.gspb_container > p:last-of-type{margin-bottom:0}#gspb_container-id-gsbp-c052d50.gspb_container{position:relative;}#gspb_container-id-gsbp-c052d50.gspb_container{display:flex;justify-content:flex-start;align-content:center;align-items:center;}#gspb_container-id-gsbp-c052d50.gspb_container{box-sizing:border-box;}<\/style>\n<div class=\"wp-block-greenshift-blocks-container gspb_container gspb_container-gsbp-c052d50 arrow-link\" id=\"gspb_container-id-gsbp-c052d50\"><style>.gspb_container-id-gsbp-2571814{flex-direction:column;box-sizing:border-box;}#gspb_container-id-gsbp-2571814.gspb_container > p:last-of-type{margin-bottom:0}#gspb_container-id-gsbp-2571814.gspb_container{position:relative;}#gspb_container-id-gsbp-2571814.gspb_container{display:flex;align-content:center;align-items:center;column-gap:8px;}#gspb_container-id-gsbp-2571814.gspb_container{margin-bottom:0px;}#gspb_container-id-gsbp-2571814.gspb_container{box-sizing:border-box;}#gspb_container-id-gsbp-2571814.gspb_container .gspb-containerlink{position:absolute;top:0;left:0;right:0;bottom:0;z-index:1}<\/style>\n<div class=\"wp-block-greenshift-blocks-container gspb_container gspb_container-gsbp-2571814\" id=\"gspb_container-id-gsbp-2571814\"><a class=\"gspb-containerlink\" href=\"\/en\/perguntas-frequentes\/\" aria-label=\"Frequently asked questions\" rel=\"noopener\"><\/a>\n<p style=\"margin-top:0;margin-bottom:0\">Frequently asked questions<\/p>\n\n\n\n<div class=\"wp-block-boldblocks-svg-block svg-b-1\"><div class=\"wp-block-boldblocks-svg-block__inner sm-svg-width svg-stroke-color\" style=\"--bb--width--sm:var(--bb--width--lg);--bb--width--md:var(--bb--width--lg);--bb--width--lg:100%;--bb--stroke--color:var(--wp--preset--color--primary-blue-600, #034AD8)\"><svg xmlns=\"http:\/\/www.w3.org\/2000\/svg\" viewbox=\"0 0 512 512\" class=\"bb-icon bb-icon--arrow-forward-circle-outline\">\n  <path d=\"M256 448c106 0 192-86 192-192S362 64 256 64 64 150 64 256s86 192 192 192Z\" style=\"fill:none;stroke:#000;stroke-miterlimit:10;stroke-width:32px\"><\/path>\n  <path d=\"M262.62 336 342 256l-79.38-80m68.35 80H170\" style=\"fill:none;stroke:#000;stroke-linecap:round;stroke-linejoin:round;stroke-width:32px\"><\/path>\n<\/svg><\/div><\/div>\n<\/div>\n<\/div>\n\n\n<style>.gspb_container-id-gsbp-6d8320c{flex-direction:column;box-sizing:border-box;}#gspb_container-id-gsbp-6d8320c.gspb_container > p:last-of-type{margin-bottom:0}#gspb_container-id-gsbp-6d8320c.gspb_container{position:relative;}#gspb_container-id-gsbp-6d8320c.gspb_container{display:flex;justify-content:flex-start;align-content:center;align-items:center;}#gspb_container-id-gsbp-6d8320c.gspb_container{box-sizing:border-box;}<\/style>\n<div class=\"wp-block-greenshift-blocks-container gspb_container gspb_container-gsbp-6d8320c arrow-link\" id=\"gspb_container-id-gsbp-6d8320c\"><style>.gspb_container-id-gsbp-08f7037{flex-direction:column;box-sizing:border-box;}#gspb_container-id-gsbp-08f7037.gspb_container > p:last-of-type{margin-bottom:0}#gspb_container-id-gsbp-08f7037.gspb_container{position:relative;}#gspb_container-id-gsbp-08f7037.gspb_container{display:flex;align-content:center;align-items:center;column-gap:8px;}#gspb_container-id-gsbp-08f7037.gspb_container{margin-bottom:0px;}#gspb_container-id-gsbp-08f7037.gspb_container{box-sizing:border-box;}#gspb_container-id-gsbp-08f7037.gspb_container .gspb-containerlink{position:absolute;top:0;left:0;right:0;bottom:0;z-index:1}<\/style>\n<div class=\"wp-block-greenshift-blocks-container gspb_container gspb_container-gsbp-08f7037\" id=\"gspb_container-id-gsbp-08f7037\"><a class=\"gspb-containerlink\" href=\"\/en\/estamos-a-preparar-esta-pagina\/\" aria-label=\"Deliberations\" rel=\"noopener\"><\/a>\n<p style=\"margin-top:0;margin-bottom:0\">Deliberations<\/p>\n\n\n\n<div class=\"wp-block-boldblocks-svg-block svg-b-2\"><div class=\"wp-block-boldblocks-svg-block__inner sm-svg-width svg-stroke-color\" style=\"--bb--width--sm:var(--bb--width--lg);--bb--width--md:var(--bb--width--lg);--bb--width--lg:100%;--bb--stroke--color:var(--wp--preset--color--primary-blue-600, #034AD8)\"><svg xmlns=\"http:\/\/www.w3.org\/2000\/svg\" viewbox=\"0 0 512 512\" class=\"bb-icon bb-icon--arrow-forward-circle-outline\">\n  <path d=\"M256 448c106 0 192-86 192-192S362 64 256 64 64 150 64 256s86 192 192 192Z\" style=\"fill:none;stroke:#000;stroke-miterlimit:10;stroke-width:32px\"><\/path>\n  <path d=\"M262.62 336 342 256l-79.38-80m68.35 80H170\" style=\"fill:none;stroke:#000;stroke-linecap:round;stroke-linejoin:round;stroke-width:32px\"><\/path>\n<\/svg><\/div><\/div>\n<\/div>\n<\/div>\n\n\n<style>.gspb_container-id-gsbp-a029de0{flex-direction:column;box-sizing:border-box;}#gspb_container-id-gsbp-a029de0.gspb_container > p:last-of-type{margin-bottom:0}#gspb_container-id-gsbp-a029de0.gspb_container{position:relative;}#gspb_container-id-gsbp-a029de0.gspb_container{display:flex;justify-content:flex-start;align-content:center;align-items:center;}#gspb_container-id-gsbp-a029de0.gspb_container{box-sizing:border-box;}<\/style>\n<div class=\"wp-block-greenshift-blocks-container gspb_container gspb_container-gsbp-a029de0 arrow-link\" id=\"gspb_container-id-gsbp-a029de0\"><style>.gspb_container-id-gsbp-426d8ad{flex-direction:column;box-sizing:border-box;}#gspb_container-id-gsbp-426d8ad.gspb_container > p:last-of-type{margin-bottom:0}#gspb_container-id-gsbp-426d8ad.gspb_container{position:relative;}#gspb_container-id-gsbp-426d8ad.gspb_container{display:flex;align-content:center;align-items:center;column-gap:8px;}#gspb_container-id-gsbp-426d8ad.gspb_container{margin-bottom:0px;}#gspb_container-id-gsbp-426d8ad.gspb_container{box-sizing:border-box;}#gspb_container-id-gsbp-426d8ad.gspb_container .gspb-containerlink{position:absolute;top:0;left:0;right:0;bottom:0;z-index:1}<\/style>\n<div class=\"wp-block-greenshift-blocks-container gspb_container gspb_container-gsbp-426d8ad\" id=\"gspb_container-id-gsbp-426d8ad\"><a class=\"gspb-containerlink\" href=\"\/en\/vitimas-de-crime\/\" aria-label=\"Victim of crime\" rel=\"noopener\"><\/a>\n<p style=\"margin-top:0;margin-bottom:0\">Victim of crime<\/p>\n\n\n\n<div class=\"wp-block-boldblocks-svg-block svg-b-3\"><div class=\"wp-block-boldblocks-svg-block__inner sm-svg-width svg-stroke-color\" style=\"--bb--width--sm:var(--bb--width--lg);--bb--width--md:var(--bb--width--lg);--bb--width--lg:100%;--bb--stroke--color:var(--wp--preset--color--primary-blue-600, #034AD8)\"><svg xmlns=\"http:\/\/www.w3.org\/2000\/svg\" viewbox=\"0 0 512 512\" class=\"bb-icon bb-icon--arrow-forward-circle-outline\">\n  <path d=\"M256 448c106 0 192-86 192-192S362 64 256 64 64 150 64 256s86 192 192 192Z\" style=\"fill:none;stroke:#000;stroke-miterlimit:10;stroke-width:32px\"><\/path>\n  <path d=\"M262.62 336 342 256l-79.38-80m68.35 80H170\" style=\"fill:none;stroke:#000;stroke-linecap:round;stroke-linejoin:round;stroke-width:32px\"><\/path>\n<\/svg><\/div><\/div>\n<\/div>\n<\/div>\n\n\n<style>.gspb_container-id-gsbp-5cc8b55{flex-direction:column;box-sizing:border-box;}#gspb_container-id-gsbp-5cc8b55.gspb_container > p:last-of-type{margin-bottom:0}#gspb_container-id-gsbp-5cc8b55.gspb_container{position:relative;}#gspb_container-id-gsbp-5cc8b55.gspb_container{display:flex;justify-content:flex-start;align-content:center;align-items:center;}#gspb_container-id-gsbp-5cc8b55.gspb_container{box-sizing:border-box;}<\/style>\n<div class=\"wp-block-greenshift-blocks-container gspb_container gspb_container-gsbp-5cc8b55 arrow-link\" id=\"gspb_container-id-gsbp-5cc8b55\"><style>.gspb_container-id-gsbp-3a01be1{flex-direction:column;box-sizing:border-box;}#gspb_container-id-gsbp-3a01be1.gspb_container > p:last-of-type{margin-bottom:0}#gspb_container-id-gsbp-3a01be1.gspb_container{position:relative;}#gspb_container-id-gsbp-3a01be1.gspb_container{display:flex;align-content:center;align-items:center;column-gap:8px;}#gspb_container-id-gsbp-3a01be1.gspb_container{margin-bottom:0px;}#gspb_container-id-gsbp-3a01be1.gspb_container{box-sizing:border-box;}#gspb_container-id-gsbp-3a01be1.gspb_container .gspb-containerlink{position:absolute;top:0;left:0;right:0;bottom:0;z-index:1}<\/style>\n<div class=\"wp-block-greenshift-blocks-container gspb_container gspb_container-gsbp-3a01be1\" id=\"gspb_container-id-gsbp-3a01be1\"><a class=\"gspb-containerlink\" href=\"\/en\/legislacao\/\" aria-label=\"Legislation\" rel=\"noopener\"><\/a>\n<p style=\"margin-top:0;margin-bottom:0\">Legislation<\/p>\n\n\n\n<div class=\"wp-block-boldblocks-svg-block svg-b-4\"><div class=\"wp-block-boldblocks-svg-block__inner sm-svg-width svg-stroke-color\" style=\"--bb--width--sm:var(--bb--width--lg);--bb--width--md:var(--bb--width--lg);--bb--width--lg:100%;--bb--stroke--color:var(--wp--preset--color--primary-blue-600, #034AD8)\"><svg xmlns=\"http:\/\/www.w3.org\/2000\/svg\" viewbox=\"0 0 512 512\" class=\"bb-icon bb-icon--arrow-forward-circle-outline\">\n  <path d=\"M256 448c106 0 192-86 192-192S362 64 256 64 64 150 64 256s86 192 192 192Z\" style=\"fill:none;stroke:#000;stroke-miterlimit:10;stroke-width:32px\"><\/path>\n  <path d=\"M262.62 336 342 256l-79.38-80m68.35 80H170\" style=\"fill:none;stroke:#000;stroke-linecap:round;stroke-linejoin:round;stroke-width:32px\"><\/path>\n<\/svg><\/div><\/div>\n<\/div>\n<\/div>\n\n\n<style>.gspb_container-id-gsbp-52e49a1{flex-direction:column;box-sizing:border-box;}#gspb_container-id-gsbp-52e49a1.gspb_container > p:last-of-type{margin-bottom:0}#gspb_container-id-gsbp-52e49a1.gspb_container{position:relative;}#gspb_container-id-gsbp-52e49a1.gspb_container{display:flex;justify-content:flex-start;align-content:center;align-items:center;}#gspb_container-id-gsbp-52e49a1.gspb_container{box-sizing:border-box;}<\/style>\n<div class=\"wp-block-greenshift-blocks-container gspb_container gspb_container-gsbp-52e49a1 arrow-link\" id=\"gspb_container-id-gsbp-52e49a1\"><style>.gspb_container-id-gsbp-4f516fd{flex-direction:column;box-sizing:border-box;}#gspb_container-id-gsbp-4f516fd.gspb_container > p:last-of-type{margin-bottom:0}#gspb_container-id-gsbp-4f516fd.gspb_container{position:relative;}#gspb_container-id-gsbp-4f516fd.gspb_container{display:flex;align-content:center;align-items:center;column-gap:8px;}#gspb_container-id-gsbp-4f516fd.gspb_container{margin-bottom:0px;}#gspb_container-id-gsbp-4f516fd.gspb_container{box-sizing:border-box;}#gspb_container-id-gsbp-4f516fd.gspb_container .gspb-containerlink{position:absolute;top:0;left:0;right:0;bottom:0;z-index:1}<\/style>\n<div class=\"wp-block-greenshift-blocks-container gspb_container gspb_container-gsbp-4f516fd\" id=\"gspb_container-id-gsbp-4f516fd\"><a class=\"gspb-containerlink\" href=\"\/en\/estamos-a-preparar-esta-pagina\/\" aria-label=\"Final decision\" title=\"Final decision\" rel=\"noopener\"><\/a>\n<p style=\"margin-top:0;margin-bottom:0\">Final decision<\/p>\n\n\n\n<div class=\"wp-block-boldblocks-svg-block svg-b-5\"><div class=\"wp-block-boldblocks-svg-block__inner sm-svg-width svg-stroke-color\" style=\"--bb--width--sm:var(--bb--width--lg);--bb--width--md:var(--bb--width--lg);--bb--width--lg:100%;--bb--stroke--color:var(--wp--preset--color--primary-blue-600, #034AD8)\"><svg xmlns=\"http:\/\/www.w3.org\/2000\/svg\" viewbox=\"0 0 512 512\" class=\"bb-icon bb-icon--arrow-forward-circle-outline\">\n  <path d=\"M256 448c106 0 192-86 192-192S362 64 256 64 64 150 64 256s86 192 192 192Z\" style=\"fill:none;stroke:#000;stroke-miterlimit:10;stroke-width:32px\"><\/path>\n  <path d=\"M262.62 336 342 256l-79.38-80m68.35 80H170\" style=\"fill:none;stroke:#000;stroke-linecap:round;stroke-linejoin:round;stroke-width:32px\"><\/path>\n<\/svg><\/div><\/div>\n<\/div>\n<\/div>\n\n\n<style>.gspb_container-id-gsbp-a88c609{flex-direction:column;box-sizing:border-box;}#gspb_container-id-gsbp-a88c609.gspb_container > p:last-of-type{margin-bottom:0}#gspb_container-id-gsbp-a88c609.gspb_container{position:relative;}#gspb_container-id-gsbp-a88c609.gspb_container{display:flex;justify-content:flex-start;align-content:center;align-items:center;}#gspb_container-id-gsbp-a88c609.gspb_container{box-sizing:border-box;}<\/style>\n<div class=\"wp-block-greenshift-blocks-container gspb_container gspb_container-gsbp-a88c609 arrow-link\" id=\"gspb_container-id-gsbp-a88c609\"><style>.gspb_container-id-gsbp-df3f9d1{flex-direction:column;box-sizing:border-box;}#gspb_container-id-gsbp-df3f9d1.gspb_container > p:last-of-type{margin-bottom:0}#gspb_container-id-gsbp-df3f9d1.gspb_container{position:relative;}#gspb_container-id-gsbp-df3f9d1.gspb_container{display:flex;align-content:center;align-items:center;column-gap:8px;}#gspb_container-id-gsbp-df3f9d1.gspb_container{margin-bottom:0px;}#gspb_container-id-gsbp-df3f9d1.gspb_container{box-sizing:border-box;}#gspb_container-id-gsbp-df3f9d1.gspb_container .gspb-containerlink{position:absolute;top:0;left:0;right:0;bottom:0;z-index:1}<\/style>\n<div class=\"wp-block-greenshift-blocks-container gspb_container gspb_container-gsbp-df3f9d1\" id=\"gspb_container-id-gsbp-df3f9d1\"><a class=\"gspb-containerlink\" href=\"\/en\/concursos\/\" aria-label=\"Applications\" rel=\"noopener\"><\/a>\n<p style=\"margin-top:0;margin-bottom:0\">Applications<\/p>\n\n\n\n<div class=\"wp-block-boldblocks-svg-block svg-b-6\"><div class=\"wp-block-boldblocks-svg-block__inner sm-svg-width svg-stroke-color\" style=\"--bb--width--sm:var(--bb--width--lg);--bb--width--md:var(--bb--width--lg);--bb--width--lg:100%;--bb--stroke--color:var(--wp--preset--color--primary-blue-600, #034AD8)\"><svg xmlns=\"http:\/\/www.w3.org\/2000\/svg\" viewbox=\"0 0 512 512\" class=\"bb-icon bb-icon--arrow-forward-circle-outline\">\n  <path d=\"M256 448c106 0 192-86 192-192S362 64 256 64 64 150 64 256s86 192 192 192Z\" style=\"fill:none;stroke:#000;stroke-miterlimit:10;stroke-width:32px\"><\/path>\n  <path d=\"M262.62 336 342 256l-79.38-80m68.35 80H170\" style=\"fill:none;stroke:#000;stroke-linecap:round;stroke-linejoin:round;stroke-width:32px\"><\/path>\n<\/svg><\/div><\/div>\n<\/div>\n<\/div>\n<\/div>\n<\/div>\n<\/div>\n<\/div>\n<\/section>\n\n\n\n<section class=\"wp-block-group alignwide home-actualities-container is-layout-constrained wp-block-group-is-layout-constrained\">\n<div class=\"wp-block-group home-actualities-newcontainer is-layout-flow wp-block-group-is-layout-flow\">\n<h2 class=\"wp-block-heading\" id=\"Not\u00edcias\">Updates<\/h2>\n\n\n\n<section class=\"wp-block-query alignwide is-layout-flow wp-block-query-is-layout-flow\">\n\n<div class=\"wp-block-query-no-results wp-block-query-no-results\">\n\n<p>No results found.<\/p>\n\n<\/div><\/section>\n\n\n\n<div class=\"wp-block-group is-nowrap is-layout-flex wp-container-core-group-is-layout-ad2f72ca wp-block-group-is-layout-flex\"><style>.gspb_container-id-gsbp-d182a8d{flex-direction:column;box-sizing:border-box;}#gspb_container-id-gsbp-d182a8d.gspb_container > p:last-of-type{margin-bottom:0}#gspb_container-id-gsbp-d182a8d.gspb_container{position:relative;}#gspb_container-id-gsbp-d182a8d.gspb_container{display:flex;align-content:center;align-items:center;column-gap:8px;}#gspb_container-id-gsbp-d182a8d.gspb_container{margin-bottom:0px;}#gspb_container-id-gsbp-d182a8d.gspb_container{box-sizing:border-box;}#gspb_container-id-gsbp-d182a8d.gspb_container .gspb-containerlink{position:absolute;top:0;left:0;right:0;bottom:0;z-index:1}<\/style>\n<div class=\"wp-block-greenshift-blocks-container gspb_container gspb_container-gsbp-d182a8d arrow-link\" id=\"gspb_container-id-gsbp-d182a8d\"><a class=\"gspb-containerlink\" href=\"\/en\/category\/atualidades\/\" aria-label=\"See all updates\" title=\"See all updates\" rel=\"noopener\"><\/a>\n<p style=\"margin-top:0;margin-bottom:0\">See all updates<\/p>\n\n\n\n<div class=\"wp-block-boldblocks-svg-block svg-b-7\"><div class=\"wp-block-boldblocks-svg-block__inner sm-svg-width svg-stroke-color\" style=\"--bb--width--sm:var(--bb--width--lg);--bb--width--md:var(--bb--width--lg);--bb--width--lg:100%;--bb--stroke--color:var(--wp--preset--color--primary-blue-600, #034AD8)\"><svg xmlns=\"http:\/\/www.w3.org\/2000\/svg\" viewbox=\"0 0 512 512\" class=\"bb-icon bb-icon--arrow-forward-circle-outline\">\n  <path d=\"M256 448c106 0 192-86 192-192S362 64 256 64 64 150 64 256s86 192 192 192Z\" style=\"fill:none;stroke:#000;stroke-miterlimit:10;stroke-width:32px\"><\/path>\n  <path d=\"M262.62 336 342 256l-79.38-80m68.35 80H170\" style=\"fill:none;stroke:#000;stroke-linecap:round;stroke-linejoin:round;stroke-width:32px\"><\/path>\n<\/svg><\/div><\/div>\n<\/div>\n<\/div>\n<\/div>\n<\/section>","protected":false},"excerpt":{"rendered":"Ser v\u00edtima de crime trar\u00e1sempre consequ\u00eancias. N\u00e3o as enfrente sem apoio. A Comiss\u00e3o de Protec\u00e7\u00e3o \u00e0s V\u00edtimas de Crimes (CPVC) \u00e9 um \u00f3rg\u00e3o administrativo independente respons\u00e1vel, por si ou atrav\u00e9s dos seus membros, pela concess\u00e3o de adiantamentos de indemniza\u00e7\u00e3o por parte do Estado \u00e0s v\u00edtimas de crimes violentos e de viol\u00eancia dom\u00e9stica, que funciona junto [&hellip;]","protected":false},"author":1,"featured_media":0,"parent":0,"menu_order":0,"comment_status":"closed","ping_status":"closed","template":"","meta":{"_gspb_post_css":".gspb_container-id-gsbp-c052d50{flex-direction:column;box-sizing:border-box}#gspb_container-id-gsbp-08f7037.gspb_container>p:last-of-type,#gspb_container-id-gsbp-2571814.gspb_container>p:last-of-type,#gspb_container-id-gsbp-3a01be1.gspb_container>p:last-of-type,#gspb_container-id-gsbp-426d8ad.gspb_container>p:last-of-type,#gspb_container-id-gsbp-4f516fd.gspb_container>p:last-of-type,#gspb_container-id-gsbp-52e49a1.gspb_container>p:last-of-type,#gspb_container-id-gsbp-5cc8b55.gspb_container>p:last-of-type,#gspb_container-id-gsbp-6d8320c.gspb_container>p:last-of-type,#gspb_container-id-gsbp-a029de0.gspb_container>p:last-of-type,#gspb_container-id-gsbp-a88c609.gspb_container>p:last-of-type,#gspb_container-id-gsbp-c052d50.gspb_container>p:last-of-type,#gspb_container-id-gsbp-d182a8d.gspb_container>p:last-of-type,#gspb_container-id-gsbp-df3f9d1.gspb_container>p:last-of-type{margin-bottom:0}#gspb_container-id-gsbp-c052d50.gspb_container{display:flex;justify-content:flex-start;align-content:center;align-items:center}.gspb_container-id-gsbp-2571814{flex-direction:column;box-sizing:border-box}#gspb_container-id-gsbp-2571814.gspb_container{display:flex;align-content:center;align-items:center;column-gap:8px;margin-bottom:0}#gspb_container-id-gsbp-08f7037.gspb_container .gspb-containerlink,#gspb_container-id-gsbp-2571814.gspb_container .gspb-containerlink,#gspb_container-id-gsbp-3a01be1.gspb_container .gspb-containerlink,#gspb_container-id-gsbp-426d8ad.gspb_container .gspb-containerlink,#gspb_container-id-gsbp-4f516fd.gspb_container .gspb-containerlink,#gspb_container-id-gsbp-d182a8d.gspb_container .gspb-containerlink,#gspb_container-id-gsbp-df3f9d1.gspb_container .gspb-containerlink{position:absolute;top:0;left:0;right:0;bottom:0;z-index:1}#gspb_container-id-gsbp-6d8320c.gspb_container{display:flex;justify-content:flex-start;align-content:center;align-items:center}#gspb_container-id-gsbp-08f7037.gspb_container{display:flex;align-content:center;align-items:center;column-gap:8px;margin-bottom:0}.gspb_container-id-gsbp-08f7037,.gspb_container-id-gsbp-426d8ad,.gspb_container-id-gsbp-6d8320c,.gspb_container-id-gsbp-a029de0{flex-direction:column;box-sizing:border-box}#gspb_container-id-gsbp-a029de0.gspb_container{display:flex;justify-content:flex-start;align-content:center;align-items:center}#gspb_container-id-gsbp-426d8ad.gspb_container{display:flex;align-content:center;align-items:center;column-gap:8px;margin-bottom:0}#gspb_container-id-gsbp-5cc8b55.gspb_container{display:flex;justify-content:flex-start;align-content:center;align-items:center}#gspb_container-id-gsbp-3a01be1.gspb_container{display:flex;align-content:center;align-items:center;column-gap:8px;margin-bottom:0}.gspb_container-id-gsbp-3a01be1,.gspb_container-id-gsbp-4f516fd,.gspb_container-id-gsbp-52e49a1,.gspb_container-id-gsbp-5cc8b55{flex-direction:column;box-sizing:border-box}#gspb_container-id-gsbp-52e49a1.gspb_container{display:flex;justify-content:flex-start;align-content:center;align-items:center}#gspb_container-id-gsbp-4f516fd.gspb_container{display:flex;align-content:center;align-items:center;column-gap:8px;margin-bottom:0}#gspb_container-id-gsbp-a88c609.gspb_container{display:flex;justify-content:flex-start;align-content:center;align-items:center}.gspb_container-id-gsbp-a88c609,.gspb_container-id-gsbp-d182a8d,.gspb_container-id-gsbp-df3f9d1{flex-direction:column;box-sizing:border-box}.gspb_container{position:relative}#gspb_container-id-gsbp-d182a8d.gspb_container,#gspb_container-id-gsbp-df3f9d1.gspb_container{display:flex;align-content:center;align-items:center;column-gap:8px;margin-bottom:0}","footnotes":""},"class_list":["post-62","page","type-page","status-publish","hentry"],"aioseo_notices":[],"_links":{"self":[{"href":"https:\/\/cpvc.justica.gov.pt\/en\/wp-json\/wp\/v2\/pages\/62","targetHints":{"allow":["GET"]}}],"collection":[{"href":"https:\/\/cpvc.justica.gov.pt\/en\/wp-json\/wp\/v2\/pages"}],"about":[{"href":"https:\/\/cpvc.justica.gov.pt\/en\/wp-json\/wp\/v2\/types\/page"}],"author":[{"embeddable":true,"href":"https:\/\/cpvc.justica.gov.pt\/en\/wp-json\/wp\/v2\/users\/1"}],"replies":[{"embeddable":true,"href":"https:\/\/cpvc.justica.gov.pt\/en\/wp-json\/wp\/v2\/comments?post=62"}],"version-history":[{"count":163,"href":"https:\/\/cpvc.justica.gov.pt\/en\/wp-json\/wp\/v2\/pages\/62\/revisions"}],"predecessor-version":[{"id":5463,"href":"https:\/\/cpvc.justica.gov.pt\/en\/wp-json\/wp\/v2\/pages\/62\/revisions\/5463"}],"wp:attachment":[{"href":"https:\/\/cpvc.justica.gov.pt\/en\/wp-json\/wp\/v2\/media?parent=62"}],"curies":[{"name":"wp","href":"https:\/\/api.w.org\/{rel}","templated":true}]}}