{"id":549,"date":"2024-03-22T13:33:51","date_gmt":"2024-03-22T13:33:51","guid":{"rendered":"http:\/\/cpvc.local\/?page_id=538"},"modified":"2026-03-03T10:25:21","modified_gmt":"2026-03-03T10:25:21","slug":"concursos","status":"publish","type":"page","link":"https:\/\/cpvc.justica.gov.pt\/en\/concursos\/","title":{"rendered":"Applications"},"content":{"rendered":"<p>Decorre a fase de avalia\u00e7\u00e3o curricular e entrevista do procedimento concursal para recrutamento de 1 Assistente T\u00e9cnico relativo ao Aviso OE202602\/0223.<\/p>\n\n\n\n<div style=\"height:64px\" aria-hidden=\"true\" class=\"wp-block-spacer\"><\/div>\n\n\n\n<div class=\"wp-block-group has-primary-blue-900-color has-text-color has-link-color wp-elements-993c27da11095bf5ad8e119f8da4718e is-nowrap is-layout-flex wp-container-core-group-is-layout-ad2f72ca wp-block-group-is-layout-flex\">\n<p class=\"has-grey-800-color has-text-color has-link-color has-small-font-size wp-elements-8d2b2c7fa7ca3cd2f4b985b18f2e35f8\">Updated on<\/p>\n\n\n<div class=\"has-link-color wp-block-post-date__modified-date wp-elements-9c7268fe20cb8a9dc5202c5373b72c21 wp-block-post-date has-text-color has-grey-800-color has-small-font-size\"><time datetime=\"2026-03-03T10:25:21+00:00\">03.03.2026<\/time><\/div><\/div>\n\n\n\n<p><\/p>","protected":false},"excerpt":{"rendered":"Decorre a fase de avalia\u00e7\u00e3o curricular e entrevista do procedimento concursal para recrutamento de 1 Assistente T\u00e9cnico relativo ao Aviso OE202602\/0223. Atualizado em","protected":false},"author":1,"featured_media":0,"parent":0,"menu_order":0,"comment_status":"closed","ping_status":"closed","template":"","meta":{"_gspb_post_css":"","footnotes":""},"class_list":["post-549","page","type-page","status-publish","hentry"],"aioseo_notices":[],"_links":{"self":[{"href":"https:\/\/cpvc.justica.gov.pt\/en\/wp-json\/wp\/v2\/pages\/549","targetHints":{"allow":["GET"]}}],"collection":[{"href":"https:\/\/cpvc.justica.gov.pt\/en\/wp-json\/wp\/v2\/pages"}],"about":[{"href":"https:\/\/cpvc.justica.gov.pt\/en\/wp-json\/wp\/v2\/types\/page"}],"author":[{"embeddable":true,"href":"https:\/\/cpvc.justica.gov.pt\/en\/wp-json\/wp\/v2\/users\/1"}],"replies":[{"embeddable":true,"href":"https:\/\/cpvc.justica.gov.pt\/en\/wp-json\/wp\/v2\/comments?post=549"}],"version-history":[{"count":27,"href":"https:\/\/cpvc.justica.gov.pt\/en\/wp-json\/wp\/v2\/pages\/549\/revisions"}],"predecessor-version":[{"id":4312,"href":"https:\/\/cpvc.justica.gov.pt\/en\/wp-json\/wp\/v2\/pages\/549\/revisions\/4312"}],"wp:attachment":[{"href":"https:\/\/cpvc.justica.gov.pt\/en\/wp-json\/wp\/v2\/media?parent=549"}],"curies":[{"name":"wp","href":"https:\/\/api.w.org\/{rel}","templated":true}]}}