{"id":2935,"date":"2025-06-30T15:31:04","date_gmt":"2025-06-30T15:31:04","guid":{"rendered":"https:\/\/vitimas.cpvc.dev\/?page_id=2935"},"modified":"2026-01-08T15:12:31","modified_gmt":"2026-01-08T15:12:31","slug":"indemnizacao-das-vitimas-de-crime-na-uniao-europeia","status":"publish","type":"page","link":"https:\/\/cpvc.justica.gov.pt\/en\/indemnizacao-das-vitimas-de-crime-na-uniao-europeia\/","title":{"rendered":"Compensation of victims of crime in the European Union"},"content":{"rendered":"<p>In the European Union (EU), victims of crime may obtain compensation for the injuries and\/or damages suffered, regardless of the EU territory in which the crime was committed.<\/p>\n\n\n\n<p>The applicable EU legal instrument is the&nbsp;<a href=\"https:\/\/eur-lex.europa.eu\/legal-content\/PT\/ALL\/?uri=CELEX:32004L0080\" rel=\"noreferrer noopener\" target=\"_blank\">Council Directive 2004\/80\/EC<\/a>, of 29 April 2004, on the compensation of victims of crime, which establishes a system of cooperation between national authorities to assist victims of violent intentional crimes in accessing compensation in cross-border cases.<\/p>\n\n\n\n<p>Each country has its own legislation governing the system for granting such compensation.<\/p>\n\n\n\n<p>You can find more information at the following links:<\/p>\n\n\n\n<ul class=\"wp-block-list\">\n<li><a href=\"https:\/\/e-justice.europa.eu\/topics\/your-rights\/victims-crime\/compensation_en\" target=\"_blank\" rel=\"noopener\" title=\"\">Compensation<\/a><\/li>\n<\/ul>\n\n\n\n<ul class=\"wp-block-list\">\n<li><a href=\"https:\/\/e-justice.europa.eu\/topics\/your-rights\/victims-crime\/compensation\/if-my-claim-be-considered-country_en?clang=en\" target=\"_blank\" rel=\"noopener\" title=\"\">If my claim is to be considered in this country<\/a><\/li>\n<\/ul>\n\n\n\n<ul class=\"wp-block-list\">\n<li><a href=\"https:\/\/e-justice.europa.eu\/topics\/your-rights\/victims-crime\/compensation\/if-my-claim-be-sent-country-another-eu-country_en?clang=en\" target=\"_blank\" rel=\"noopener\" title=\"\">If my claim is to be sent from this country to another EU country<\/a><\/li>\n<\/ul>\n\n\n\n<p>Search for an Assistance Authority:<\/p>\n\n\n\n<ul class=\"wp-block-list\">\n<li><a href=\"https:\/\/e-justice.europa.eu\/topics\/taking-legal-action\/european-judicial-atlas-civil-matters\/compensation-crime-victims_en?clang=en\" target=\"_blank\" rel=\"noopener\" title=\"\">General information 1<\/a><\/li>\n<\/ul>\n\n\n\n<ul class=\"wp-block-list\">\n<li><a href=\"https:\/\/webgate.ec.europa.eu\/e-justice\/448\/EN\/compensation_to_crime_victims?init=true\" target=\"_blank\" rel=\"noopener\" title=\"\">General information 2<\/a><\/li>\n<\/ul>\n\n\n\n<p>Form to be completed by the Assistance Authority:<\/p>\n\n\n\n<ul class=\"wp-block-list\">\n<li><a href=\"https:\/\/webgate.ec.europa.eu\/e-justice\/dynForms.do?1767363648972&amp;introMemberState=1&amp;introTaxonomy=272&amp;form4BC=ccv&amp;subform4BC=dynform_ccv_a&amp;currentPage=dynform_ccv_a_1&amp;selectedFormPage=dynform_ccv_a_1_action&amp;redirectPath=\/jsp\/dynforms\/ccv\/dynform_ccv_a_1_tile.jsp\" target=\"_blank\" rel=\"noopener\" title=\"\">Form for the transmission of an application for compensation in cross-border situations<\/a><\/li>\n<\/ul>\n\n\n\n<div class=\"wp-block-group is-layout-constrained wp-block-group-is-layout-constrained\">\n<div class=\"wp-block-group has-primary-blue-900-color has-text-color has-link-color wp-elements-756dcd1a1b81f4193e3cc8288985aff0 is-nowrap is-layout-flex wp-container-core-group-is-layout-9ac49156 wp-block-group-is-layout-flex\" style=\"margin-top:2em\">\n<p class=\"has-grey-800-color has-text-color has-link-color has-small-font-size wp-elements-8d2b2c7fa7ca3cd2f4b985b18f2e35f8\">Updated on<\/p>\n\n\n<div class=\"wp-block-post-date__modified-date has-link-color wp-elements-3a1a9efa8d31e779f7a052913d0596cb wp-block-post-date has-text-color has-grey-800-color has-small-font-size\"><time datetime=\"2026-01-08T15:12:31+00:00\">08.01.2026<\/time><\/div><\/div>\n<\/div>","protected":false},"excerpt":{"rendered":"Na Uni\u00e3o Europeia (UE), as v\u00edtimas de crimes podem obter uma indemniza\u00e7\u00e3o pelas les\u00f5es e\/ou danos sofridos, independentemente do territ\u00f3rio da UE em que o crime for cometido. O diploma aplic\u00e1vel da UE \u00e9 a&nbsp;Diretiva 2004\/80\/CE do Conselho, de 29 de abril de 2004, relativa \u00e0 indemniza\u00e7\u00e3o das v\u00edtimas da criminalidade, que estabelece um sistema [&hellip;]","protected":false},"author":1,"featured_media":0,"parent":0,"menu_order":0,"comment_status":"closed","ping_status":"closed","template":"","meta":{"_gspb_post_css":"","footnotes":""},"class_list":["post-2935","page","type-page","status-publish","hentry"],"aioseo_notices":[],"_links":{"self":[{"href":"https:\/\/cpvc.justica.gov.pt\/en\/wp-json\/wp\/v2\/pages\/2935","targetHints":{"allow":["GET"]}}],"collection":[{"href":"https:\/\/cpvc.justica.gov.pt\/en\/wp-json\/wp\/v2\/pages"}],"about":[{"href":"https:\/\/cpvc.justica.gov.pt\/en\/wp-json\/wp\/v2\/types\/page"}],"author":[{"embeddable":true,"href":"https:\/\/cpvc.justica.gov.pt\/en\/wp-json\/wp\/v2\/users\/1"}],"replies":[{"embeddable":true,"href":"https:\/\/cpvc.justica.gov.pt\/en\/wp-json\/wp\/v2\/comments?post=2935"}],"version-history":[{"count":9,"href":"https:\/\/cpvc.justica.gov.pt\/en\/wp-json\/wp\/v2\/pages\/2935\/revisions"}],"predecessor-version":[{"id":3637,"href":"https:\/\/cpvc.justica.gov.pt\/en\/wp-json\/wp\/v2\/pages\/2935\/revisions\/3637"}],"wp:attachment":[{"href":"https:\/\/cpvc.justica.gov.pt\/en\/wp-json\/wp\/v2\/media?parent=2935"}],"curies":[{"name":"wp","href":"https:\/\/api.w.org\/{rel}","templated":true}]}}